{"id":2434,"date":"2025-07-31T20:24:49","date_gmt":"2025-07-31T20:24:49","guid":{"rendered":"https:\/\/csjc.cl\/?page_id=2434"},"modified":"2025-09-30T16:43:04","modified_gmt":"2025-09-30T16:43:04","slug":"admision","status":"publish","type":"page","link":"https:\/\/csjc.cl\/index.php\/admision\/","title":{"rendered":"Admisi\u00f3n"},"content":{"rendered":"<p>[et_pb_section fb_built=\u00bb1&#8243; _builder_version=\u00bb4.27.2&#8243; _module_preset=\u00bbdefault\u00bb global_colors_info=\u00bb{}\u00bb][et_pb_row _builder_version=\u00bb4.27.2&#8243; _module_preset=\u00bbdefault\u00bb custom_margin=\u00bb|auto||124px||\u00bb global_colors_info=\u00bb{}\u00bb][et_pb_column type=\u00bb4_4&#8243; _builder_version=\u00bb4.27.2&#8243; _module_preset=\u00bbdefault\u00bb global_colors_info=\u00bb{}\u00bb][et_pb_heading title=\u00bbAdmisi\u00f3n\u00bb _builder_version=\u00bb4.27.2&#8243; _module_preset=\u00bbdefault\u00bb title_font=\u00bb|700|||||||\u00bb title_text_color=\u00bb#1e51a0&#8243; global_colors_info=\u00bb{}\u00bb][\/et_pb_heading][et_pb_text _builder_version=\u00bb4.27.2&#8243; _module_preset=\u00bbdefault\u00bb global_colors_info=\u00bb{}\u00bb]<\/p>\n<p data-start=\"230\" data-end=\"381\">Bienvenidos al proceso de admisi\u00f3n del Colegio San Jos\u00e9. Aqu\u00ed encontrar\u00e1s toda la informaci\u00f3n necesaria para postular a nuestros niveles educativos.<\/p>\n<p>[\/et_pb_text][et_pb_divider color=\u00bb#b2b2b2&#8243; divider_weight=\u00bb2px\u00bb _builder_version=\u00bb4.27.2&#8243; _module_preset=\u00bbdefault\u00bb global_colors_info=\u00bb{}\u00bb][\/et_pb_divider][et_pb_text _builder_version=\u00bb4.27.2&#8243; _module_preset=\u00bbdefault\u00bb global_colors_info=\u00bb{}\u00bb]<\/p>\n<h3>Gratuidad<\/h3>\n<p data-start=\"1736\" data-end=\"1884\">Nuestro colegio es\u00a0<strong data-start=\"1765\" data-end=\"1777\">gratuito: <\/strong>no existe cobro de matr\u00edcula o mensualidad.<\/p>\n<p>&nbsp;<\/p>\n<table class=\"table text-black-50 mb-0\">\n<thead>\n<tr>\n<th scope=\"col\" colspan=\"2\" class=\"text-morado-claro border-top-0 px-0 gilmer h6 text-center text-lg-left\">Informaci\u00f3n de pago<\/th>\n<\/tr>\n<\/thead>\n<tbody>\n<tr>\n<td class=\"text-morado-claro bg-morado-claro\">Parvularia<\/td>\n<td class=\"text-morado-claro font-weight-bold bg-morado-claro text-center\">Gratuito<\/td>\n<\/tr>\n<tr>\n<td class=\"text-morado-claro bg-morado-claro\">B\u00e1sica<\/td>\n<td class=\"text-morado-claro font-weight-bold bg-morado-claro text-center\">Gratuito<\/td>\n<\/tr>\n<tr>\n<td class=\"bg-morado-claro text-morado-claro\">Media<\/td>\n<td class=\"text-morado-claro font-weight-bold bg-morado-claro text-center\">Gratuito<\/td>\n<\/tr>\n<\/tbody>\n<\/table>\n<ul data-start=\"879\" data-end=\"1075\"><\/ul>\n<p>[\/et_pb_text][et_pb_divider color=\u00bb#b2b2b2&#8243; divider_weight=\u00bb2px\u00bb _builder_version=\u00bb4.27.2&#8243; _module_preset=\u00bbdefault\u00bb global_colors_info=\u00bb{}\u00bb][\/et_pb_divider][et_pb_text _builder_version=\u00bb4.27.2&#8243; _module_preset=\u00bbdefault\u00bb global_colors_info=\u00bb{}\u00bb]<\/p>\n<h3>Criterios de prioridad<\/h3>\n<ol>\n<li><span><b>Hermanos\/as en el establecimiento:<\/b>\u00a0Tendr\u00e1n primera prioridad los postulantes que tengan alg\u00fan hermano o hermana consangu\u00edneo\/a (de madre o padre) ya matriculado\/a en el establecimiento al momento de postular.<\/span><\/li>\n<li><span><b>15% de estudiantes prioritarios:<\/b>\u00a0Un 15% de estudiantes prioritarios por nivel en el establecimiento tendr\u00e1n segunda prioridad, siempre que el porcentaje de alumnos prioritarios en ese nivel sea inferior al 15%.<\/span><\/li>\n<li><span><b>Hijos\/as de funcionarios\/as del establecimiento:<\/b>\u00a0Tendr\u00e1n tercera prioridad los postulantes cuyo padre o madre trabajen de manera permanente en el establecimiento educativo.<\/span><\/li>\n<li><span><b>Exalumnos\/as:<\/b>\u00a0Tendr\u00e1n cuarta prioridad aquellos postulantes que deseen retornar al mismo establecimiento, siempre que no hayan sido expulsados previamente.<\/span><\/li>\n<\/ol>\n<ul data-start=\"879\" data-end=\"1075\"><\/ul>\n<p>[\/et_pb_text][et_pb_divider color=\u00bb#b2b2b2&#8243; divider_weight=\u00bb2px\u00bb _builder_version=\u00bb4.27.2&#8243; _module_preset=\u00bbdefault\u00bb global_colors_info=\u00bb{}\u00bb][\/et_pb_divider][et_pb_text _builder_version=\u00bb4.27.2&#8243; _module_preset=\u00bbdefault\u00bb global_colors_info=\u00bb{}\u00bb]<\/p>\n<p data-start=\"215\" data-end=\"363\">El proceso de admisi\u00f3n se realiza a trav\u00e9s del <strong data-start=\"262\" data-end=\"293\">Sistema de Admisi\u00f3n Escolar<\/strong> del Ministerio de Educaci\u00f3n de Chile. Para postular debes ingresar a:<\/p>\n<p data-start=\"365\" data-end=\"446\"><strong data-start=\"368\" data-end=\"446\"><a data-start=\"370\" data-end=\"444\" class=\"\" rel=\"noopener\" target=\"_new\" href=\"https:\/\/www.sistemadeadmisionescolar.cl\">\ud83d\udc49\ud83d\uddb1\ufe0f www.sistemadeadmisionescolar.cl<\/a><\/strong>.<\/p>\n<h4 data-start=\"603\" data-end=\"626\">\ud83d\udccd \u00bfC\u00f3mo postular?<\/h4>\n<h4 data-start=\"603\" data-end=\"626\"><strong data-start=\"631\" data-end=\"645\" style=\"font-size: 14px; color: #666666;\">Reg\u00edstrate<\/strong><span style=\"font-size: 14px; color: #666666;\"> o inicia sesi\u00f3n.<\/span><\/h4>\n<p><strong>Selecciona<\/strong> el nivel al que deseas postular.<\/p>\n<p><strong>Env\u00eda<\/strong> tu postulaci\u00f3n y descarga al comprobante.\u00a0<\/p>\n<p><strong>Espera<\/strong> los resultados, seg\u00fan el calendario oficial del Mineduc.<\/p>\n<h4 data-start=\"908\" data-end=\"938\">\ud83d\udcc6 Periodo Complementario<\/h4>\n<p data-start=\"940\" data-end=\"1163\">Si no postulaste en el periodo principal o no fuiste admitido, puedes hacerlo en el <strong data-start=\"1024\" data-end=\"1050\">Periodo Complementario<\/strong>, el cual permite postular a las <strong data-start=\"1083\" data-end=\"1120\">vacantes que quedaron disponibles<\/strong> despu\u00e9s del proceso de asignaci\u00f3n inicial.<\/p>\n<p data-start=\"1165\" data-end=\"1292\">Este periodo es una <strong data-start=\"1185\" data-end=\"1208\">segunda oportunidad<\/strong> para las familias que no lograron un cupo o que necesitan modificar su postulaci\u00f3n.<\/p>\n<p>[\/et_pb_text][et_pb_divider color=\u00bb#b2b2b2&#8243; divider_weight=\u00bb2px\u00bb _builder_version=\u00bb4.27.2&#8243; _module_preset=\u00bbdefault\u00bb global_colors_info=\u00bb{}\u00bb][\/et_pb_divider][et_pb_text _builder_version=\u00bb4.27.2&#8243; _module_preset=\u00bbdefault\u00bb global_colors_info=\u00bb{}\u00bb]<\/p>\n<h3 data-start=\"852\" data-end=\"877\">Fechas Importantes<\/h3>\n<ul data-start=\"879\" data-end=\"1075\">\n<li data-start=\"879\" data-end=\"956\">\n<p data-start=\"881\" data-end=\"956\"><strong data-start=\"881\" data-end=\"906\">Plazo de postulaci\u00f3n del periodo principal:<\/strong> desde el 5 al 28 de agosto.\u00a0<\/p>\n<\/li>\n<li data-start=\"957\" data-end=\"998\">\n<p data-start=\"959\" data-end=\"998\"><strong data-start=\"959\" data-end=\"989\">Publicaci\u00f3n de resultados:<\/strong> del 15 al 21 de octubre.<\/p>\n<\/li>\n<li data-start=\"999\" data-end=\"1075\">\n<p data-start=\"1001\" data-end=\"1075\"><strong data-start=\"1001\" data-end=\"1037\">Plazo para aceptar y matricular:<\/strong> d<span>esde el 9 al 23 de diciembre<\/span><\/p>\n<\/li>\n<\/ul>\n<p>[\/et_pb_text][et_pb_text _builder_version=\u00bb4.27.2&#8243; _module_preset=\u00bbdefault\u00bb global_colors_info=\u00bb{}\u00bb]<\/p>\n<p>Revisa m\u00e1s informaci\u00f3n de nuestro colegio en la \ud83d\udd17 <strong><a href=\"https:\/\/admision.mineduc.cl\/vitrina-vue\/establecimiento\/4307\">vitrina del Sistema de Admisi\u00f3n Escolar<\/a><\/strong>.<\/p>\n<p>[\/et_pb_text][\/et_pb_column][\/et_pb_row][\/et_pb_section]<\/p>\n","protected":false},"excerpt":{"rendered":"<p>Bienvenidos al proceso de admisi\u00f3n del Colegio San Jos\u00e9. Aqu\u00ed encontrar\u00e1s toda la informaci\u00f3n necesaria para postular a nuestros niveles educativos.Gratuidad Nuestro colegio es\u00a0gratuito: no existe cobro de matr\u00edcula o mensualidad. &nbsp; Informaci\u00f3n de pago Parvularia Gratuito B\u00e1sica Gratuito Media Gratuito Criterios de prioridad Hermanos\/as en el establecimiento:\u00a0Tendr\u00e1n primera prioridad los postulantes que tengan alg\u00fan [&hellip;]<\/p>\n","protected":false},"author":5,"featured_media":0,"parent":0,"menu_order":0,"comment_status":"closed","ping_status":"closed","template":"","meta":{"_et_pb_use_builder":"on","_et_pb_old_content":"","_et_gb_content_width":"","footnotes":""},"class_list":["post-2434","page","type-page","status-publish","hentry"],"_links":{"self":[{"href":"https:\/\/csjc.cl\/index.php\/wp-json\/wp\/v2\/pages\/2434"}],"collection":[{"href":"https:\/\/csjc.cl\/index.php\/wp-json\/wp\/v2\/pages"}],"about":[{"href":"https:\/\/csjc.cl\/index.php\/wp-json\/wp\/v2\/types\/page"}],"author":[{"embeddable":true,"href":"https:\/\/csjc.cl\/index.php\/wp-json\/wp\/v2\/users\/5"}],"replies":[{"embeddable":true,"href":"https:\/\/csjc.cl\/index.php\/wp-json\/wp\/v2\/comments?post=2434"}],"version-history":[{"count":8,"href":"https:\/\/csjc.cl\/index.php\/wp-json\/wp\/v2\/pages\/2434\/revisions"}],"predecessor-version":[{"id":2502,"href":"https:\/\/csjc.cl\/index.php\/wp-json\/wp\/v2\/pages\/2434\/revisions\/2502"}],"wp:attachment":[{"href":"https:\/\/csjc.cl\/index.php\/wp-json\/wp\/v2\/media?parent=2434"}],"curies":[{"name":"wp","href":"https:\/\/api.w.org\/{rel}","templated":true}]}}