{"id":11,"date":"2020-12-15T18:29:20","date_gmt":"2020-12-15T18:29:20","guid":{"rendered":"http:\/\/csjc.cl\/?page_id=11"},"modified":"2026-02-19T16:18:38","modified_gmt":"2026-02-19T16:18:38","slug":"rectoria","status":"publish","type":"page","link":"https:\/\/csjc.cl\/index.php\/rectoria\/","title":{"rendered":"Rector\u00eda"},"content":{"rendered":"<p>[et_pb_section fb_built=\u00bb1&#8243; _builder_version=\u00bb4.27.2&#8243; _module_preset=\u00bbdefault\u00bb background_color=\u00bbRGBA(255,255,255,0)\u00bb custom_padding=\u00bb5px||3px|||\u00bb border_width_top=\u00bb2px\u00bb border_color_top=\u00bb#007fe0&#8243; global_colors_info=\u00bb{}\u00bb][et_pb_row _builder_version=\u00bb4.16&#8243; _module_preset=\u00bbdefault\u00bb global_colors_info=\u00bb{}\u00bb][et_pb_column type=\u00bb4_4&#8243; _builder_version=\u00bb4.16&#8243; _module_preset=\u00bbdefault\u00bb global_colors_info=\u00bb{}\u00bb][et_pb_heading title=\u00bbRector\u00eda\u00bb _builder_version=\u00bb4.27.2&#8243; _module_preset=\u00bbdefault\u00bb title_text_align=\u00bbcenter\u00bb global_colors_info=\u00bb{}\u00bb][\/et_pb_heading][\/et_pb_column][\/et_pb_row][\/et_pb_section][et_pb_section fb_built=\u00bb1&#8243; _builder_version=\u00bb4.27.2&#8243; _module_preset=\u00bbdefault\u00bb global_colors_info=\u00bb{}\u00bb][et_pb_row column_structure=\u00bb1_2,1_2&#8243; _builder_version=\u00bb4.27.2&#8243; _module_preset=\u00bbdefault\u00bb custom_margin=\u00bb|368px||auto||\u00bb global_colors_info=\u00bb{}\u00bb][et_pb_column type=\u00bb1_2&#8243; _builder_version=\u00bb4.27.2&#8243; _module_preset=\u00bbdefault\u00bb global_colors_info=\u00bb{}\u00bb][et_pb_image src=\u00bbhttps:\/\/csjc.cl\/wp-content\/uploads\/2025\/03\/3.png\u00bb title_text=\u00bb3&#8243; _builder_version=\u00bb4.27.2&#8243; _module_preset=\u00bbdefault\u00bb width=\u00bb81.4%\u00bb border_width_all=\u00bb2px\u00bb border_color_all=\u00bb#fcbe19&#8243; global_colors_info=\u00bb{}\u00bb][\/et_pb_image][\/et_pb_column][et_pb_column type=\u00bb1_2&#8243; _builder_version=\u00bb4.27.2&#8243; _module_preset=\u00bbdefault\u00bb global_colors_info=\u00bb{}\u00bb][et_pb_text _builder_version=\u00bb4.27.2&#8243; _module_preset=\u00bbdefault\u00bb hover_enabled=\u00bb0&#8243; global_colors_info=\u00bb{}\u00bb sticky_enabled=\u00bb0&#8243;]<\/p>\n<p><strong>Querida Comunidad Educativa.<\/strong><\/p>\n<p>Damos la m\u00e1s cordial bienvenida a este nuevo a\u00f1o escolar 2026, un tiempo para<br \/>reencontrarnos, renovar sue\u00f1os y fortalecer nuestro compromiso con la misi\u00f3n que<br \/>nos inspira: Educar, Evangelizar y Servir. Cada a\u00f1o representa una nueva oportunidad para seguir formando personas \u00edntegras, solidarias y comprometidas<br \/>con los valores del Evangelio, capaces de transformar su entorno con esperanza y<br \/>amor.<\/p>\n<p>En el esp\u00edritu de Educar, reafirmamos nuestro prop\u00f3sito de acompa\u00f1ar a cada<br \/>estudiante en su desarrollo acad\u00e9mico, humano y espiritual. En el llamado a<br \/>Evangelizar, buscamos reflejar en nuestras acciones la fe y los valores que dan<br \/>sentido a nuestra vida escolar. Y en el compromiso de Servir, promovemos el<br \/>respeto, la empat\u00eda y la generosidad como formas concretas de vivir nuestra<br \/>vocaci\u00f3n cristiana.<\/p>\n<p>Que este a\u00f1o 2026 sea una oportunidad para crecer juntos, fortalecer nuestros lazos y seguir construyendo una comunidad que aprende, comparte y sirve con alegr\u00eda.<\/p>\n<p>Con afecto,<\/p>\n<p><strong>Luis Ogas Vergara<br \/>Rector<br \/>Colegio San Jos\u00e9 de Cabrero<\/strong><\/p>\n<p>[\/et_pb_text][\/et_pb_column][\/et_pb_row][\/et_pb_section]<\/p>\n","protected":false},"excerpt":{"rendered":"<p>Querida Comunidad Educativa. Damos la m\u00e1s cordial bienvenida a este nuevo a\u00f1o escolar 2026, un tiempo parareencontrarnos, renovar sue\u00f1os y fortalecer nuestro compromiso con la misi\u00f3n quenos inspira: Educar, Evangelizar y Servir. Cada a\u00f1o representa una nueva oportunidad para seguir formando personas \u00edntegras, solidarias y comprometidascon los valores del Evangelio, capaces de transformar su entorno [&hellip;]<\/p>\n","protected":false},"author":1,"featured_media":0,"parent":0,"menu_order":0,"comment_status":"closed","ping_status":"closed","template":"","meta":{"_et_pb_use_builder":"on","_et_pb_old_content":"<!-- wp:paragraph -->\n<p><\/p>\n<!-- \/wp:paragraph -->\n\n<!-- wp:columns -->\n<div class=\"wp-block-columns\"><!-- wp:column {\"width\":\"100%\"} -->\n<div class=\"wp-block-column\" style=\"flex-basis:100%\"><!-- wp:image {\"align\":\"center\",\"id\":254,\"width\":307,\"height\":257,\"sizeSlug\":\"large\",\"linkDestination\":\"none\"} -->\n<div class=\"wp-block-image\"><figure class=\"aligncenter size-large is-resized\"><img src=\"https:\/\/csjc.cl\/wp-content\/uploads\/2021\/05\/Rectora.jpg\" alt=\"\" class=\"wp-image-254\" width=\"307\" height=\"257\"\/><\/figure><\/div>\n<!-- \/wp:image --><\/div>\n<!-- \/wp:column --><\/div>\n<!-- \/wp:columns -->\n\n<!-- wp:paragraph -->\n<p>Queridos estudiantes,<\/p>\n<!-- \/wp:paragraph -->\n\n<!-- wp:paragraph {\"align\":\"left\"} -->\n<p class=\"has-text-align-left\">Al iniciarse este a\u00f1o escolar, quisiera yo que, aun cuando arrecia la tempestad, este mensaje llegue a ustedes y a sus padres como un llamado a la esperanza, un llamado a la alegr\u00eda de vivir, un llamado a disfrutar de este momento en el cual su colegio les da la bienvenida a una nueva etapa en sus vidas, con el compromiso, respeto y cari\u00f1o de siempre.<\/p>\n<!-- \/wp:paragraph -->\n\n<!-- wp:paragraph -->\n<p>Quisiera yo tambi\u00e9n invitarles a reflexionar por un instante sobre esta tempestad, que lleg\u00f3 sin pron\u00f3stico alguno, y que nos dej\u00f3 sin el lugar m\u00e1s preciado de un colegio - sus salas de clases. Esta tempestad que nos oblig\u00f3 a todos - a ustedes y a nosotros - a replantear, en un par de semanas, un nuevo modo de interacci\u00f3n acad\u00e9mica a trav\u00e9s de las nuevas tecnolog\u00edas. No ha sido f\u00e1cil este caminar; pero lo que importa hoy es que estamos aqu\u00ed, que hemos llegado hasta aqu\u00ed, y esto gracias al esfuerzo de sus profesores, gracias al compromiso de ustedes y gracias al apoyo de sus padres.<\/p>\n<!-- \/wp:paragraph -->\n\n<!-- wp:paragraph -->\n<p>Yo quisiera tambi\u00e9n que, ante tanta incertidumbre que vivimos hoy, nos detengamos a contemplar lo que prevalece, lo que importa - el valor de la vida. El don de la vida con el cual Dios nos ha bendecido a todas y a todos.<\/p>\n<!-- \/wp:paragraph -->\n\n<!-- wp:paragraph -->\n<p>Es en este punto donde quisiera detenerme por un breve instante. . . como colegio, tenemos la certeza de que, cada d\u00eda, se les entrega todo lo que est\u00e1 en nuestras manos para hacer de ustedes personas de bien, personas de intelectualidad inquieta y diversa. Tenemos la certeza de que, con el correr del tiempo, cada una y cada uno de ustedes tomar\u00e1 el camino que les conducir\u00e1 a la realizaci\u00f3n plena de sus proyectos de vida. Y es por esta raz\u00f3n, que hoy m\u00e1s que nunca queremos llamarles a proteger y velar por la vida, por sus vidas, por la de sus padres, por la de sus abuelos; queremos llamarles a convertirse en agentes de pro-vida en el \u201chorizonte de la esperanza\u201d, hacia el cual todas y todos caminamos hoy. No olviden que en las grandes cat\u00e1strofes de la historia mundial, en los grandes desastres naturales de nuestro pa\u00eds sus bisabuelos, sus abuelos sobrevivieron a ellos porque se mantuvieron resilientes y agradecidos de estar vivos. Esto es lo que Dios espera de ustedes, de nosotros . . .<\/p>\n<!-- \/wp:paragraph -->\n\n<!-- wp:paragraph -->\n<p>Qu\u00e9 Dios bendiga sus vidas y la de sus familias.<\/p>\n<!-- \/wp:paragraph -->\n\n<!-- wp:paragraph -->\n<p>Con afecto sincero,<\/p>\n<!-- \/wp:paragraph -->\n\n<!-- wp:paragraph -->\n<p>Miss Ivonne<\/p>\n<!-- \/wp:paragraph -->","_et_gb_content_width":"","footnotes":""},"class_list":["post-11","page","type-page","status-publish","hentry"],"_links":{"self":[{"href":"https:\/\/csjc.cl\/index.php\/wp-json\/wp\/v2\/pages\/11"}],"collection":[{"href":"https:\/\/csjc.cl\/index.php\/wp-json\/wp\/v2\/pages"}],"about":[{"href":"https:\/\/csjc.cl\/index.php\/wp-json\/wp\/v2\/types\/page"}],"author":[{"embeddable":true,"href":"https:\/\/csjc.cl\/index.php\/wp-json\/wp\/v2\/users\/1"}],"replies":[{"embeddable":true,"href":"https:\/\/csjc.cl\/index.php\/wp-json\/wp\/v2\/comments?post=11"}],"version-history":[{"count":12,"href":"https:\/\/csjc.cl\/index.php\/wp-json\/wp\/v2\/pages\/11\/revisions"}],"predecessor-version":[{"id":2817,"href":"https:\/\/csjc.cl\/index.php\/wp-json\/wp\/v2\/pages\/11\/revisions\/2817"}],"wp:attachment":[{"href":"https:\/\/csjc.cl\/index.php\/wp-json\/wp\/v2\/media?parent=11"}],"curies":[{"name":"wp","href":"https:\/\/api.w.org\/{rel}","templated":true}]}}